{"id":230,"date":"2026-01-26T18:11:57","date_gmt":"2026-01-26T21:11:57","guid":{"rendered":"http:\/\/espllenda.com.br\/?page_id=230"},"modified":"2026-02-07T17:46:57","modified_gmt":"2026-02-07T20:46:57","slug":"politica-de-privacidade-2","status":"publish","type":"page","link":"http:\/\/espllenda.com.br\/index.php\/politica-de-privacidade-2\/","title":{"rendered":"Pol\u00edtica de Privacidade"},"content":{"rendered":"\n\n  <div class=\"banner has-hover\" id=\"banner-122345724\">\n          <div class=\"banner-inner fill\">\n        <div class=\"banner-bg fill\" >\n            <div class=\"bg fill bg-fill \"><\/div>\n                        <div class=\"overlay\"><\/div>            \n                    <\/div>\n\t\t\n        <div class=\"banner-layers container\">\n            <div class=\"fill banner-link\"><\/div>            \n\n   <div id=\"text-box-143564856\" class=\"text-box banner-layer x50 md-x50 lg-x50 y70 md-y70 lg-y70 res-text\">\n                                <div class=\"text-box-content text dark\">\n              \n              <div class=\"text-inner text-center\">\n                  \n\n\t<div id=\"text-1225862885\" class=\"text\">\n\t\t\n\n<h3>Pol\u00edtica de Privacidade<\/h3>\n<p>Espllenda Empreendimentos<\/p>\n\n\t\t\n<style>\n#text-1225862885 {\n  text-align: center;\n}\n<\/style>\n\t<\/div>\n\t\n\n              <\/div>\n           <\/div>\n                            \n<style>\n#text-box-143564856 {\n  width: 60%;\n}\n#text-box-143564856 .text-box-content {\n  font-size: 100%;\n}\n@media (min-width:550px) {\n  #text-box-143564856 {\n    width: 40%;\n  }\n}\n<\/style>\n    <\/div>\n \n\n        <\/div>\n      <\/div>\n\n            \n<style>\n#banner-122345724 {\n  padding-top: 300px;\n  background-color: #2e2e2e;\n}\n#banner-122345724 .bg.bg-loaded {\n  background-image: url(http:\/\/espllenda.com.br\/wp-content\/uploads\/2026\/01\/andrew-neel-TTPMpLl_2lc-unsplash-edited.jpg);\n}\n#banner-122345724 .overlay {\n  background-color: rgba(0, 0, 0, 0.802);\n}\n#banner-122345724 .bg {\n  background-position: 25% 0%;\n}\n<\/style>\n  <\/div>\n\n\n\t<section class=\"section\" id=\"section_1960913356\">\n\t\t<div class=\"bg section-bg fill bg-fill  bg-loaded\" >\n\n\t\t\t\n\t\t\t\n\t\t\t\n\n\t\t<\/div>\n\n\t\t\n\n\t\t<div class=\"section-content relative\">\n\t\t\t\n\n<div class=\"row align-center\"  id=\"row-511974112\">\n\n\n\t<div id=\"col-1685147458\" class=\"col medium-9 small-10 large-10\"  >\n\t\t\t\t<div class=\"col-inner text-center\" style=\"background-color:rgb(251, 251, 251);\" >\n\t\t\t\n\t\t\t\n\n<div>\n<div class=\"standard-markdown grid-cols-1 grid &#091;&amp;_&gt;_*&#093;:min-w-0 gap-3 !gap-3.5\">\n<p class=\"font-claude-response-body break-words whitespace-normal leading-&#091;1.7&#093;\" style=\"text-align: left;\">A <strong>Espllenda Empreendimentos<\/strong>, inscrita no CNPJ sob o n\u00ba13.083.895\/0001-17, com sede ena Rua Caet\u00e9s N\u00ba530, Uberl\u00e2ndia\/MG, est\u00e1 comprometida em proteger a privacidade e os dados pessoais de todos os usu\u00e1rios que acessam nosso site <strong>espllenda.com.br<\/strong>.<\/p>\n<p class=\"font-claude-response-body break-words whitespace-normal leading-&#091;1.7&#093;\" style=\"text-align: left;\">Esta Pol\u00edtica de Privacidade descreve como coletamos, usamos, armazenamos e protegemos suas informa\u00e7\u00f5es pessoais, em conformidade com a <strong>Lei Geral de Prote\u00e7\u00e3o de Dados (LGPD &#8211; Lei n\u00ba 13.709\/2018)<\/strong> e demais legisla\u00e7\u00f5es aplic\u00e1veis.<\/p>\n<p class=\"font-claude-response-body break-words whitespace-normal leading-&#091;1.7&#093;\" style=\"text-align: left;\">Ao utilizar nosso Site e fornecer seus dados pessoais, voc\u00ea concorda com os termos desta Pol\u00edtica de Privacidade.<\/p>\n<hr class=\"border-border-200 border-t-0.5 my-3 mx-1.5\" \/>\n<h2 class=\"text-text-100 mt-3 -mb-1 text-&#091;1.125rem&#093; font-bold\" style=\"text-align: left;\">&#8211; DADOS COLETADOS<\/h2>\n<h3 class=\"text-text-100 mt-2 -mb-1 text-base font-bold\" style=\"text-align: left;\">\u00a0Dados Fornecidos Voluntariamente<\/h3>\n<p class=\"font-claude-response-body break-words whitespace-normal leading-&#091;1.7&#093;\" style=\"text-align: left;\">Coletamos informa\u00e7\u00f5es que voc\u00ea nos fornece diretamente ao:<\/p>\n<ul class=\"&#091;li_&amp;&#093;:mb-0 &#091;li_&amp;&#093;:mt-1 &#091;li_&amp;&#093;:gap-1 &#091;&amp;:not(:last-child)_ul&#093;:pb-1 &#091;&amp;:not(:last-child)_ol&#093;:pb-1 list-disc flex flex-col gap-1 pl-8 mb-3\" style=\"text-align: left;\">\n<li class=\"whitespace-normal break-words pl-2\">Preencher formul\u00e1rios de contato<\/li>\n<li class=\"whitespace-normal break-words pl-2\">Solicitar informa\u00e7\u00f5es sobre empreendimentos<\/li>\n<li class=\"whitespace-normal break-words pl-2\">Agendar visitas<\/li>\n<li class=\"whitespace-normal break-words pl-2\">Assinar nossa newsletter<\/li>\n<li class=\"whitespace-normal break-words pl-2\">Interagir atrav\u00e9s de chat ou WhatsApp<\/li>\n<li class=\"whitespace-normal break-words pl-2\">Enviar curr\u00edculos (Trabalhe Conosco)<\/li>\n<\/ul>\n<p class=\"font-claude-response-body break-words whitespace-normal leading-&#091;1.7&#093;\" style=\"text-align: left;\"><strong>Tipos de dados coletados:<\/strong><\/p>\n<ul class=\"&#091;li_&amp;&#093;:mb-0 &#091;li_&amp;&#093;:mt-1 &#091;li_&amp;&#093;:gap-1 &#091;&amp;:not(:last-child)_ul&#093;:pb-1 &#091;&amp;:not(:last-child)_ol&#093;:pb-1 list-disc flex flex-col gap-1 pl-8 mb-3\" style=\"text-align: left;\">\n<li class=\"whitespace-normal break-words pl-2\">Nome completo<\/li>\n<li class=\"whitespace-normal break-words pl-2\">E-mail<\/li>\n<li class=\"whitespace-normal break-words pl-2\">Telefone\/WhatsApp<\/li>\n<li class=\"whitespace-normal break-words pl-2\">Interesse em empreendimentos<\/li>\n<li class=\"whitespace-normal break-words pl-2\">Mensagens e coment\u00e1rios<\/li>\n<li class=\"whitespace-normal break-words pl-2\">Profiss\u00e3o (quando aplic\u00e1vel)<\/li>\n<li class=\"whitespace-normal break-words pl-2\">Outras informa\u00e7\u00f5es fornecidas voluntariamente<\/li>\n<\/ul>\n<h3 class=\"text-text-100 mt-2 -mb-1 text-base font-bold\" style=\"text-align: left;\">Dados Coletados Automaticamente<\/h3>\n<p class=\"font-claude-response-body break-words whitespace-normal leading-&#091;1.7&#093;\" style=\"text-align: left;\">Quando voc\u00ea acessa nosso Site, podemos coletar automaticamente:<\/p>\n<ul class=\"&#091;li_&amp;&#093;:mb-0 &#091;li_&amp;&#093;:mt-1 &#091;li_&amp;&#093;:gap-1 &#091;&amp;:not(:last-child)_ul&#093;:pb-1 &#091;&amp;:not(:last-child)_ol&#093;:pb-1 list-disc flex flex-col gap-1 pl-8 mb-3\" style=\"text-align: left;\">\n<li class=\"whitespace-normal break-words pl-2\">Endere\u00e7o IP<\/li>\n<li class=\"whitespace-normal break-words pl-2\">Tipo de navegador<\/li>\n<li class=\"whitespace-normal break-words pl-2\">Sistema operacional<\/li>\n<li class=\"whitespace-normal break-words pl-2\">P\u00e1ginas visitadas<\/li>\n<li class=\"whitespace-normal break-words pl-2\">Tempo de perman\u00eancia<\/li>\n<li class=\"whitespace-normal break-words pl-2\">Origem de acesso (URL de refer\u00eancia)<\/li>\n<li class=\"whitespace-normal break-words pl-2\">Dados de cookies e tecnologias similares<\/li>\n<\/ul>\n<hr class=\"border-border-200 border-t-0.5 my-3 mx-1.5\" \/>\n<h2 class=\"text-text-100 mt-3 -mb-1 text-&#091;1.125rem&#093; font-bold\" style=\"text-align: left;\">&#8211;\u00a0 FINALIDADES DO USO DOS DADOS<\/h2>\n<p class=\"font-claude-response-body break-words whitespace-normal leading-&#091;1.7&#093;\" style=\"text-align: left;\">Utilizamos seus dados pessoais para as seguintes finalidades:<\/p>\n<h3 class=\"text-text-100 mt-2 -mb-1 text-base font-bold\" style=\"text-align: left;\">Finalidades Principais<\/h3>\n<ul class=\"&#091;li_&amp;&#093;:mb-0 &#091;li_&amp;&#093;:mt-1 &#091;li_&amp;&#093;:gap-1 &#091;&amp;:not(:last-child)_ul&#093;:pb-1 &#091;&amp;:not(:last-child)_ol&#093;:pb-1 list-disc flex flex-col gap-1 pl-8 mb-3\" style=\"text-align: left;\">\n<li class=\"whitespace-normal break-words pl-2\"><strong>Atendimento e comunica\u00e7\u00e3o:<\/strong> Responder suas d\u00favidas, solicita\u00e7\u00f5es e fornecer informa\u00e7\u00f5es sobre nossos empreendimentos<\/li>\n<li class=\"whitespace-normal break-words pl-2\"><strong>Relacionamento comercial:<\/strong> Apresentar oportunidades de neg\u00f3cio, enviar propostas e realizar negocia\u00e7\u00f5es<\/li>\n<li class=\"whitespace-normal break-words pl-2\"><strong>Agendamento de visitas:<\/strong> Organizar e confirmar visitas aos nossos empreendimentos<\/li>\n<li class=\"whitespace-normal break-words pl-2\"><strong>Marketing:<\/strong> Enviar newsletters, novidades, lan\u00e7amentos e materiais promocionais (apenas com seu consentimento)<\/li>\n<li class=\"whitespace-normal break-words pl-2\"><strong>Melhorias do Site:<\/strong> Analisar o comportamento dos usu\u00e1rios para otimizar a experi\u00eancia de navega\u00e7\u00e3o<\/li>\n<li class=\"whitespace-normal break-words pl-2\"><strong>Obriga\u00e7\u00f5es legais:<\/strong> Cumprir determina\u00e7\u00f5es legais, judiciais e regulat\u00f3rias<\/li>\n<\/ul>\n<h3 class=\"text-text-100 mt-2 -mb-1 text-base font-bold\" style=\"text-align: left;\">\u00a0Base Legal<\/h3>\n<p class=\"font-claude-response-body break-words whitespace-normal leading-&#091;1.7&#093;\" style=\"text-align: left;\">O tratamento de seus dados \u00e9 realizado com base em:<\/p>\n<ul class=\"&#091;li_&amp;&#093;:mb-0 &#091;li_&amp;&#093;:mt-1 &#091;li_&amp;&#093;:gap-1 &#091;&amp;:not(:last-child)_ul&#093;:pb-1 &#091;&amp;:not(:last-child)_ol&#093;:pb-1 list-disc flex flex-col gap-1 pl-8 mb-3\" style=\"text-align: left;\">\n<li class=\"whitespace-normal break-words pl-2\"><strong>Consentimento:<\/strong> Quando voc\u00ea autoriza expressamente<\/li>\n<li class=\"whitespace-normal break-words pl-2\"><strong>Execu\u00e7\u00e3o de contrato:<\/strong> Para atendimento \u00e0s suas solicita\u00e7\u00f5es<\/li>\n<li class=\"whitespace-normal break-words pl-2\"><strong>Leg\u00edtimo interesse:<\/strong> Para melhorar nossos servi\u00e7os e comunica\u00e7\u00e3o<\/li>\n<li class=\"whitespace-normal break-words pl-2\"><strong>Obriga\u00e7\u00e3o legal:<\/strong> Quando exigido por lei<\/li>\n<\/ul>\n<hr class=\"border-border-200 border-t-0.5 my-3 mx-1.5\" \/>\n<h2 class=\"text-text-100 mt-3 -mb-1 text-&#091;1.125rem&#093; font-bold\" style=\"text-align: left;\">&#8211; COMPARTILHAMENTO DE DADOS<\/h2>\n<h3 class=\"text-text-100 mt-2 -mb-1 text-base font-bold\" style=\"text-align: left;\">Com Quem Compartilhamos<\/h3>\n<p class=\"font-claude-response-body break-words whitespace-normal leading-&#091;1.7&#093;\" style=\"text-align: left;\">Podemos compartilhar seus dados pessoais com:<\/p>\n<ul class=\"&#091;li_&amp;&#093;:mb-0 &#091;li_&amp;&#093;:mt-1 &#091;li_&amp;&#093;:gap-1 &#091;&amp;:not(:last-child)_ul&#093;:pb-1 &#091;&amp;:not(:last-child)_ol&#093;:pb-1 list-disc flex flex-col gap-1 pl-8 mb-3\" style=\"text-align: left;\">\n<li class=\"whitespace-normal break-words pl-2\"><strong>Prestadores de servi\u00e7os:<\/strong> Empresas que nos auxiliam em marketing, an\u00e1lise de dados, hospedagem e servi\u00e7os de TI<\/li>\n<li class=\"whitespace-normal break-words pl-2\"><strong>Parceiros comerciais:<\/strong> Bancos e institui\u00e7\u00f5es financeiras para viabiliza\u00e7\u00e3o de financiamentos<\/li>\n<li class=\"whitespace-normal break-words pl-2\"><strong>Autoridades legais:<\/strong> Quando exigido por lei ou ordem judicial<\/li>\n<li class=\"whitespace-normal break-words pl-2\"><strong>Empresas do grupo:<\/strong> Se aplic\u00e1vel, com outras empresas do mesmo grupo econ\u00f4mico<\/li>\n<\/ul>\n<h3 class=\"text-text-100 mt-2 -mb-1 text-base font-bold\" style=\"text-align: left;\">Transfer\u00eancia Internacional<\/h3>\n<p class=\"font-claude-response-body break-words whitespace-normal leading-&#091;1.7&#093;\" style=\"text-align: left;\">Atualmente n\u00e3o realizamos transfer\u00eancia internacional de dados. Caso isso venha a ocorrer, garantiremos que o pa\u00eds destinat\u00e1rio ou a empresa receptora possua grau de prote\u00e7\u00e3o de dados adequado.<\/p>\n<h3 class=\"text-text-100 mt-2 -mb-1 text-base font-bold\" style=\"text-align: left;\">N\u00e3o Venda de Dados<\/h3>\n<p class=\"font-claude-response-body break-words whitespace-normal leading-&#091;1.7&#093;\" style=\"text-align: left;\"><strong>A Espllenda N\u00c3O vende, aluga ou comercializa seus dados pessoais com terceiros.<\/strong><\/p>\n<hr class=\"border-border-200 border-t-0.5 my-3 mx-1.5\" \/>\n<h2 class=\"text-text-100 mt-3 -mb-1 text-&#091;1.125rem&#093; font-bold\" style=\"text-align: left;\">&#8211; COOKIES E TECNOLOGIAS SIMILARES<\/h2>\n<h3 class=\"text-text-100 mt-2 -mb-1 text-base font-bold\" style=\"text-align: left;\">O Que S\u00e3o Cookies<\/h3>\n<p class=\"font-claude-response-body break-words whitespace-normal leading-&#091;1.7&#093;\" style=\"text-align: left;\">Cookies s\u00e3o pequenos arquivos de texto armazenados em seu dispositivo quando voc\u00ea visita nosso Site.<\/p>\n<h3 class=\"text-text-100 mt-2 -mb-1 text-base font-bold\" style=\"text-align: left;\">\u00a0Tipos de Cookies Utilizados<\/h3>\n<p class=\"font-claude-response-body break-words whitespace-normal leading-&#091;1.7&#093;\" style=\"text-align: left;\"><strong>Cookies Essenciais:<\/strong><\/p>\n<ul class=\"&#091;li_&amp;&#093;:mb-0 &#091;li_&amp;&#093;:mt-1 &#091;li_&amp;&#093;:gap-1 &#091;&amp;:not(:last-child)_ul&#093;:pb-1 &#091;&amp;:not(:last-child)_ol&#093;:pb-1 list-disc flex flex-col gap-1 pl-8 mb-3\" style=\"text-align: left;\">\n<li class=\"whitespace-normal break-words pl-2\">Necess\u00e1rios para o funcionamento b\u00e1sico do Site<\/li>\n<li class=\"whitespace-normal break-words pl-2\">N\u00e3o podem ser desativados<\/li>\n<\/ul>\n<p class=\"font-claude-response-body break-words whitespace-normal leading-&#091;1.7&#093;\" style=\"text-align: left;\"><strong>Cookies de Desempenho:<\/strong><\/p>\n<ul class=\"&#091;li_&amp;&#093;:mb-0 &#091;li_&amp;&#093;:mt-1 &#091;li_&amp;&#093;:gap-1 &#091;&amp;:not(:last-child)_ul&#093;:pb-1 &#091;&amp;:not(:last-child)_ol&#093;:pb-1 list-disc flex flex-col gap-1 pl-8 mb-3\" style=\"text-align: left;\">\n<li class=\"whitespace-normal break-words pl-2\">Google Analytics: Para an\u00e1lise de tr\u00e1fego e comportamento<\/li>\n<li class=\"whitespace-normal break-words pl-2\">Informa\u00e7\u00f5es coletadas de forma agregada e an\u00f4nima<\/li>\n<\/ul>\n<p class=\"font-claude-response-body break-words whitespace-normal leading-&#091;1.7&#093;\" style=\"text-align: left;\"><strong>Cookies de Funcionalidade:<\/strong><\/p>\n<ul class=\"&#091;li_&amp;&#093;:mb-0 &#091;li_&amp;&#093;:mt-1 &#091;li_&amp;&#093;:gap-1 &#091;&amp;:not(:last-child)_ul&#093;:pb-1 &#091;&amp;:not(:last-child)_ol&#093;:pb-1 list-disc flex flex-col gap-1 pl-8 mb-3\" style=\"text-align: left;\">\n<li class=\"whitespace-normal break-words pl-2\">Lembram suas prefer\u00eancias e escolhas<\/li>\n<li class=\"whitespace-normal break-words pl-2\">Melhoram sua experi\u00eancia de navega\u00e7\u00e3o<\/li>\n<\/ul>\n<p class=\"font-claude-response-body break-words whitespace-normal leading-&#091;1.7&#093;\" style=\"text-align: left;\"><strong>Cookies de Marketing:<\/strong><\/p>\n<ul class=\"&#091;li_&amp;&#093;:mb-0 &#091;li_&amp;&#093;:mt-1 &#091;li_&amp;&#093;:gap-1 &#091;&amp;:not(:last-child)_ul&#093;:pb-1 &#091;&amp;:not(:last-child)_ol&#093;:pb-1 list-disc flex flex-col gap-1 pl-8 mb-3\" style=\"text-align: left;\">\n<li class=\"whitespace-normal break-words pl-2\">Facebook Pixel e Google Ads (se aplic\u00e1vel)<\/li>\n<li class=\"whitespace-normal break-words pl-2\">Para exibir an\u00fancios relevantes<\/li>\n<li class=\"whitespace-normal break-words pl-2\">Podem ser desativados<\/li>\n<\/ul>\n<h3 class=\"text-text-100 mt-2 -mb-1 text-base font-bold\" style=\"text-align: left;\">Gerenciamento de Cookies<\/h3>\n<p class=\"font-claude-response-body break-words whitespace-normal leading-&#091;1.7&#093;\" style=\"text-align: left;\">Voc\u00ea pode configurar seu navegador para bloquear ou alertar sobre cookies. No entanto, isso pode afetar a funcionalidade do Site.<\/p>\n<p class=\"font-claude-response-body break-words whitespace-normal leading-&#091;1.7&#093;\" style=\"text-align: left;\"><strong>Como gerenciar:<\/strong><\/p>\n<ul class=\"&#091;li_&amp;&#093;:mb-0 &#091;li_&amp;&#093;:mt-1 &#091;li_&amp;&#093;:gap-1 &#091;&amp;:not(:last-child)_ul&#093;:pb-1 &#091;&amp;:not(:last-child)_ol&#093;:pb-1 list-disc flex flex-col gap-1 pl-8 mb-3\" style=\"text-align: left;\">\n<li class=\"whitespace-normal break-words pl-2\">Chrome: Configura\u00e7\u00f5es &gt; Privacidade e Seguran\u00e7a &gt; Cookies<\/li>\n<li class=\"whitespace-normal break-words pl-2\">Firefox: Op\u00e7\u00f5es &gt; Privacidade e Seguran\u00e7a<\/li>\n<li class=\"whitespace-normal break-words pl-2\">Safari: Prefer\u00eancias &gt; Privacidade<\/li>\n<li class=\"whitespace-normal break-words pl-2\">Edge: Configura\u00e7\u00f5es &gt; Privacidade<\/li>\n<\/ul>\n<hr class=\"border-border-200 border-t-0.5 my-3 mx-1.5\" \/>\n<h2 class=\"text-text-100 mt-3 -mb-1 text-&#091;1.125rem&#093; font-bold\" style=\"text-align: left;\">&#8211; SEGURAN\u00c7A DOS DADOS<\/h2>\n<h3 class=\"text-text-100 mt-2 -mb-1 text-base font-bold\" style=\"text-align: left;\">\u00a0Medidas de Prote\u00e7\u00e3o<\/h3>\n<p class=\"font-claude-response-body break-words whitespace-normal leading-&#091;1.7&#093;\" style=\"text-align: left;\">Implementamos medidas t\u00e9cnicas e administrativas para proteger seus dados:<\/p>\n<ul class=\"&#091;li_&amp;&#093;:mb-0 &#091;li_&amp;&#093;:mt-1 &#091;li_&amp;&#093;:gap-1 &#091;&amp;:not(:last-child)_ul&#093;:pb-1 &#091;&amp;:not(:last-child)_ol&#093;:pb-1 list-disc flex flex-col gap-1 pl-8 mb-3\" style=\"text-align: left;\">\n<li class=\"whitespace-normal break-words pl-2\">Certificado SSL (HTTPS) para conex\u00e3o segura<\/li>\n<li class=\"whitespace-normal break-words pl-2\">Criptografia de dados sens\u00edveis<\/li>\n<li class=\"whitespace-normal break-words pl-2\">Controle de acesso restrito<\/li>\n<li class=\"whitespace-normal break-words pl-2\">Backups regulares<\/li>\n<li class=\"whitespace-normal break-words pl-2\">Firewall e prote\u00e7\u00e3o contra malware<\/li>\n<li class=\"whitespace-normal break-words pl-2\">Treinamento da equipe sobre prote\u00e7\u00e3o de dados<\/li>\n<\/ul>\n<h3 class=\"text-text-100 mt-2 -mb-1 text-base font-bold\" style=\"text-align: left;\">\u00a0Limita\u00e7\u00f5es<\/h3>\n<p class=\"font-claude-response-body break-words whitespace-normal leading-&#091;1.7&#093;\" style=\"text-align: left;\">Apesar de todos os esfor\u00e7os, nenhum sistema \u00e9 100% seguro. N\u00e3o podemos garantir seguran\u00e7a absoluta contra acessos n\u00e3o autorizados.<\/p>\n<hr class=\"border-border-200 border-t-0.5 my-3 mx-1.5\" \/>\n<h2 class=\"text-text-100 mt-3 -mb-1 text-&#091;1.125rem&#093; font-bold\" style=\"text-align: left;\">&#8211; ARMAZENAMENTO E RETEN\u00c7\u00c3O<\/h2>\n<h3 class=\"text-text-100 mt-2 -mb-1 text-base font-bold\" style=\"text-align: left;\">\u00a0Prazo de Armazenamento<\/h3>\n<p class=\"font-claude-response-body break-words whitespace-normal leading-&#091;1.7&#093;\" style=\"text-align: left;\">Mantemos seus dados pessoais pelo tempo necess\u00e1rio para:<\/p>\n<ul class=\"&#091;li_&amp;&#093;:mb-0 &#091;li_&amp;&#093;:mt-1 &#091;li_&amp;&#093;:gap-1 &#091;&amp;:not(:last-child)_ul&#093;:pb-1 &#091;&amp;:not(:last-child)_ol&#093;:pb-1 list-disc flex flex-col gap-1 pl-8 mb-3\" style=\"text-align: left;\">\n<li class=\"whitespace-normal break-words pl-2\">Cumprir as finalidades descritas nesta pol\u00edtica<\/li>\n<li class=\"whitespace-normal break-words pl-2\">Atender obriga\u00e7\u00f5es legais e regulat\u00f3rias<\/li>\n<li class=\"whitespace-normal break-words pl-2\">Resolver disputas e fazer cumprir acordos<\/li>\n<\/ul>\n<h3 class=\"text-text-100 mt-2 -mb-1 text-base font-bold\" style=\"text-align: left;\">\u00a0Exclus\u00e3o de Dados<\/h3>\n<p class=\"font-claude-response-body break-words whitespace-normal leading-&#091;1.7&#093;\" style=\"text-align: left;\">Ap\u00f3s o per\u00edodo de reten\u00e7\u00e3o, seus dados ser\u00e3o exclu\u00eddos ou anonimizados de forma segura, exceto quando a manuten\u00e7\u00e3o for exigida por lei.<\/p>\n<hr class=\"border-border-200 border-t-0.5 my-3 mx-1.5\" \/>\n<h2 class=\"text-text-100 mt-3 -mb-1 text-&#091;1.125rem&#093; font-bold\" style=\"text-align: left;\">&#8211; LINKS EXTERNOS<\/h2>\n<p class=\"font-claude-response-body break-words whitespace-normal leading-&#091;1.7&#093;\" style=\"text-align: left;\">Nosso Site pode conter links para sites de terceiros (redes sociais, parceiros, etc.). N\u00e3o somos respons\u00e1veis pelas pr\u00e1ticas de privacidade desses sites. Recomendamos a leitura das pol\u00edticas de privacidade de cada site visitado.<\/p>\n<hr class=\"border-border-200 border-t-0.5 my-3 mx-1.5\" \/>\n<h2 class=\"text-text-100 mt-3 -mb-1 text-&#091;1.125rem&#093; font-bold\" style=\"text-align: left;\">&#8211; ALTERA\u00c7\u00d5ES NESTA POL\u00cdTICA<\/h2>\n<p class=\"font-claude-response-body break-words whitespace-normal leading-&#091;1.7&#093;\" style=\"text-align: left;\">Podemos atualizar esta Pol\u00edtica de Privacidade periodicamente. Quaisquer altera\u00e7\u00f5es ser\u00e3o publicadas nesta p\u00e1gina com a data da \u00faltima atualiza\u00e7\u00e3o.<\/p>\n<p class=\"font-claude-response-body break-words whitespace-normal leading-&#091;1.7&#093;\" style=\"text-align: left;\">Recomendamos que voc\u00ea revise esta pol\u00edtica regularmente para se manter informado sobre como protegemos seus dados.<\/p>\n<hr class=\"border-border-200 border-t-0.5 my-3 mx-1.5\" \/>\n<h2 class=\"text-text-100 mt-3 -mb-1 text-&#091;1.125rem&#093; font-bold\" style=\"text-align: left;\">&#8211; LEGISLA\u00c7\u00c3O E FORO<\/h2>\n<p class=\"font-claude-response-body break-words whitespace-normal leading-&#091;1.7&#093;\" style=\"text-align: left;\">Esta Pol\u00edtica de Privacidade \u00e9 regida pelas leis brasileiras, especialmente pela Lei Geral de Prote\u00e7\u00e3o de Dados (Lei n\u00ba 13.709\/2018) e pelo Marco Civil da Internet (Lei n\u00ba 12.965\/2014).<\/p>\n<p class=\"font-claude-response-body break-words whitespace-normal leading-&#091;1.7&#093;\" style=\"text-align: left;\">Fica eleito o foro da Comarca de Uberl\u00e2ndia\/MG para dirimir quaisquer quest\u00f5es relacionadas a esta pol\u00edtica.<\/p>\n<hr class=\"border-border-200 border-t-0.5 my-3 mx-1.5\" \/>\n<h2 class=\"text-text-100 mt-3 -mb-1 text-&#091;1.125rem&#093; font-bold\" style=\"text-align: left;\">&#8211; CONSENTIMENTO<\/h2>\n<p class=\"font-claude-response-body break-words whitespace-normal leading-&#091;1.7&#093;\" style=\"text-align: left;\">Ao utilizar nosso Site e fornecer seus dados pessoais, voc\u00ea declara ter lido, compreendido e concordado com os termos desta Pol\u00edtica de Privacidade.<\/p>\n<p class=\"font-claude-response-body break-words whitespace-normal leading-&#091;1.7&#093;\" style=\"text-align: left;\">Para campanhas de marketing, solicitaremos seu consentimento expresso atrav\u00e9s de opt-in em formul\u00e1rios ou checkboxes.<\/p>\n<p class=\"font-claude-response-body break-words whitespace-normal leading-&#091;1.7&#093;\" style=\"text-align: left;\">Voc\u00ea pode retirar seu consentimento a qualquer momento, sem preju\u00edzo das atividades j\u00e1 realizadas.<\/p>\n<hr class=\"border-border-200 border-t-0.5 my-3 mx-1.5\" \/><\/div>\n<\/div>\n<div class=\"h-8\" style=\"text-align: left;\">\u00a0<\/div>\n\n\t\t<\/div>\n\t\t\t\t\n<style>\n#col-1685147458 > .col-inner {\n  padding: 30px 40px 30px 50px;\n  margin: -10% 0px 20px 0px;\n  border-radius: 14px;\n}\n<\/style>\n\t<\/div>\n\n\t\n\n<\/div>\n\n\t\t<\/div>\n\n\t\t\n<style>\n#section_1960913356 {\n  padding-top: 30px;\n  padding-bottom: 30px;\n}\n<\/style>\n\t<\/section>\n\t\n\n","protected":false},"excerpt":{"rendered":"","protected":false},"author":1,"featured_media":0,"parent":0,"menu_order":0,"comment_status":"closed","ping_status":"closed","template":"","meta":{"footnotes":""},"class_list":["post-230","page","type-page","status-publish","hentry"],"_links":{"self":[{"href":"http:\/\/espllenda.com.br\/index.php\/wp-json\/wp\/v2\/pages\/230","targetHints":{"allow":["GET"]}}],"collection":[{"href":"http:\/\/espllenda.com.br\/index.php\/wp-json\/wp\/v2\/pages"}],"about":[{"href":"http:\/\/espllenda.com.br\/index.php\/wp-json\/wp\/v2\/types\/page"}],"author":[{"embeddable":true,"href":"http:\/\/espllenda.com.br\/index.php\/wp-json\/wp\/v2\/users\/1"}],"replies":[{"embeddable":true,"href":"http:\/\/espllenda.com.br\/index.php\/wp-json\/wp\/v2\/comments?post=230"}],"version-history":[{"count":8,"href":"http:\/\/espllenda.com.br\/index.php\/wp-json\/wp\/v2\/pages\/230\/revisions"}],"predecessor-version":[{"id":20521,"href":"http:\/\/espllenda.com.br\/index.php\/wp-json\/wp\/v2\/pages\/230\/revisions\/20521"}],"wp:attachment":[{"href":"http:\/\/espllenda.com.br\/index.php\/wp-json\/wp\/v2\/media?parent=230"}],"curies":[{"name":"wp","href":"https:\/\/api.w.org\/{rel}","templated":true}]}}