{"id":20485,"date":"2026-02-07T16:14:42","date_gmt":"2026-02-07T19:14:42","guid":{"rendered":"http:\/\/espllenda.com.br\/?page_id=20485"},"modified":"2026-02-16T11:40:04","modified_gmt":"2026-02-16T14:40:04","slug":"empreendimentos","status":"publish","type":"page","link":"http:\/\/espllenda.com.br\/index.php\/empreendimentos\/","title":{"rendered":"Empreendimentos"},"content":{"rendered":"\n\n  <div class=\"banner has-hover\" id=\"banner-1357501232\">\n          <div class=\"banner-inner fill\">\n        <div class=\"banner-bg fill\" >\n            <div class=\"bg fill bg-fill \"><\/div>\n                        <div class=\"overlay\"><\/div>            \n                    <\/div>\n\t\t\n        <div class=\"banner-layers container\">\n            <div class=\"fill banner-link\"><\/div>            \n\n   <div id=\"text-box-589676841\" class=\"text-box banner-layer x0 md-x0 lg-x0 y70 md-y70 lg-y70 res-text\">\n                                <div class=\"text-box-content text dark\">\n              \n              <div class=\"text-inner text-center\">\n                  \n\n\t<div id=\"text-18013333\" class=\"text\">\n\t\t\n\n<h2 class=\"uppercase\"><strong>Nossos Empreendimentos<\/strong><\/h2>\n<p>Explore nosso portf\u00f3lio de empreendimentos de m\u00e9dio e alto padr\u00e3o em Uberl\u00e2ndia e encontre o im\u00f3vel dos seus sonhos.<\/p>\n\t\t\n<style>\n#text-18013333 {\n  text-align: left;\n}\n<\/style>\n\t<\/div>\n\t\n\n              <\/div>\n           <\/div>\n                            \n<style>\n#text-box-589676841 {\n  width: 60%;\n}\n#text-box-589676841 .text-box-content {\n  font-size: 100%;\n}\n<\/style>\n    <\/div>\n \n\n        <\/div>\n      <\/div>\n\n            \n<style>\n#banner-1357501232 {\n  padding-top: 500px;\n}\n#banner-1357501232 .bg.bg-loaded {\n  background-image: url(http:\/\/espllenda.com.br\/wp-content\/uploads\/2026\/02\/sobre-construcao-747x1024.jpg);\n}\n#banner-1357501232 .overlay {\n  background-color: rgba(46, 46, 46, 0.942);\n}\n#banner-1357501232 .bg {\n  background-position: 0% 57%;\n}\n<\/style>\n  <\/div>\n\n\n\t<section class=\"section\" id=\"section_1285261945\">\n\t\t<div class=\"bg section-bg fill bg-fill  bg-loaded\" >\n\n\t\t\t\n\t\t\t\n\t\t\t\n\n\t\t<\/div>\n\n\t\t\n\n\t\t<div class=\"section-content relative\">\n\t\t\t\n\n\t<div id=\"gap-1274495331\" class=\"gap-element clearfix\" style=\"display:block; height:auto;\">\n\t\t\n<style>\n#gap-1274495331 {\n  padding-top: 30px;\n}\n<\/style>\n\t<\/div>\n\t\n\n<div class=\"row\"  id=\"row-95611067\">\n\n\n\t<div id=\"col-636790374\" class=\"col medium-6 small-12 large-4\"  >\n\t\t\t\t<div class=\"col-inner box-shadow-1 box-shadow-2-hover\" style=\"background-color:rgb(253, 253, 253);\" >\n\t\t\t\n\t\t\t\n\n    <div class=\"box has-hover has-hover box-default box-text-bottom\" >\n\n         <a href=\"#\" >         <div class=\"box-image image-overlay-remove-50\" >\n           <div class=\"box-image-inner image-cover\" style=\"padding-top:100%;\">\n              <img loading=\"lazy\" decoding=\"async\" width=\"1280\" height=\"1280\" src=\"http:\/\/espllenda.com.br\/wp-content\/uploads\/2026\/01\/WhatsApp-Image-2023-09-20-at-12.53.35-1.jpeg\" class=\"attachment- size-\" alt=\"\" srcset=\"http:\/\/espllenda.com.br\/wp-content\/uploads\/2026\/01\/WhatsApp-Image-2023-09-20-at-12.53.35-1.jpeg 1280w, http:\/\/espllenda.com.br\/wp-content\/uploads\/2026\/01\/WhatsApp-Image-2023-09-20-at-12.53.35-1-300x300.jpeg 300w, http:\/\/espllenda.com.br\/wp-content\/uploads\/2026\/01\/WhatsApp-Image-2023-09-20-at-12.53.35-1-1024x1024.jpeg 1024w, http:\/\/espllenda.com.br\/wp-content\/uploads\/2026\/01\/WhatsApp-Image-2023-09-20-at-12.53.35-1-150x150.jpeg 150w, http:\/\/espllenda.com.br\/wp-content\/uploads\/2026\/01\/WhatsApp-Image-2023-09-20-at-12.53.35-1-768x768.jpeg 768w\" sizes=\"auto, (max-width: 1280px) 100vw, 1280px\" \/>                         <\/div>\n          <\/div>\n         <\/a>\n          <div class=\"box-text text-center\" >\n                <div class=\"box-text-inner\">\n                  <h4 class=\"uppercase\">\n                    <span class=\"person-name\">Residencial Flor de Cedro<\/span><br\/>\n                    <span class=\"person-title is-small thin-font op-7\">\n                      100% CONLCU\u00cdDO                    <\/span>\n                  <\/h4>\n\t\t\t\t\t\n\n\t<div id=\"gap-1385879234\" class=\"gap-element clearfix\" style=\"display:block; height:auto;\">\n\t\t\n<style>\n#gap-1385879234 {\n  padding-top: 0px;\n}\n<\/style>\n\t<\/div>\n\t\n\n<a href=\"http:\/\/espllenda.com.br\/index.php\/flordecedro\/\" class=\"button primary is-underline is-small lowercase\"  >\n    <span>Saiba mais!<\/span>\n  <\/a>\n\n\n\n                <\/div>\n          <\/div>\n    <\/div>\n\n\t\n    \n\n\t\t<\/div>\n\t\t\t\t\n<style>\n#col-636790374 > .col-inner {\n  padding: 20px 20px 20px 20px;\n  border-radius: 15px;\n}\n<\/style>\n\t<\/div>\n\n\t\n\n\t<div id=\"col-1675576810\" class=\"col medium-6 small-12 large-4\"  >\n\t\t\t\t<div class=\"col-inner box-shadow-1 box-shadow-2-hover\" style=\"background-color:rgb(253, 253, 253);\" >\n\t\t\t\n\t\t\t\n\n    <div class=\"box has-hover has-hover box-default box-text-bottom\" >\n\n         <a href=\"#\" >         <div class=\"box-image image-overlay-remove-50\" >\n           <div class=\"box-image-inner image-cover\" style=\"padding-top:100%;\">\n              <img loading=\"lazy\" decoding=\"async\" width=\"1280\" height=\"1280\" src=\"http:\/\/espllenda.com.br\/wp-content\/uploads\/2026\/01\/WhatsApp-Image-2023-09-20-at-12.53.35-1.jpg\" class=\"attachment- size-\" alt=\"\" srcset=\"http:\/\/espllenda.com.br\/wp-content\/uploads\/2026\/01\/WhatsApp-Image-2023-09-20-at-12.53.35-1.jpg 1280w, http:\/\/espllenda.com.br\/wp-content\/uploads\/2026\/01\/WhatsApp-Image-2023-09-20-at-12.53.35-1-300x300.jpg 300w, http:\/\/espllenda.com.br\/wp-content\/uploads\/2026\/01\/WhatsApp-Image-2023-09-20-at-12.53.35-1-1024x1024.jpg 1024w, http:\/\/espllenda.com.br\/wp-content\/uploads\/2026\/01\/WhatsApp-Image-2023-09-20-at-12.53.35-1-150x150.jpg 150w, http:\/\/espllenda.com.br\/wp-content\/uploads\/2026\/01\/WhatsApp-Image-2023-09-20-at-12.53.35-1-768x768.jpg 768w\" sizes=\"auto, (max-width: 1280px) 100vw, 1280px\" \/>                         <\/div>\n          <\/div>\n         <\/a>\n          <div class=\"box-text text-center\" >\n                <div class=\"box-text-inner\">\n                  <h4 class=\"uppercase\">\n                    <span class=\"person-name\">Casa em condom\u00ednio<\/span><br\/>\n                    <span class=\"person-title is-small thin-font op-7\">\n                      100% CONLCU\u00cdDO                    <\/span>\n                  <\/h4>\n\t\t\t\t\t\n\n\t<div id=\"gap-2034133724\" class=\"gap-element clearfix\" style=\"display:block; height:auto;\">\n\t\t\n<style>\n#gap-2034133724 {\n  padding-top: 0px;\n}\n<\/style>\n\t<\/div>\n\t\n\n<a href=\"\/index.php\/flordecedro\/\" class=\"button primary is-underline is-small lowercase\"  >\n    <span>Saiba mais!<\/span>\n  <\/a>\n\n\n\n                <\/div>\n          <\/div>\n    <\/div>\n\n\t\n    \n\n\t\t<\/div>\n\t\t\t\t\n<style>\n#col-1675576810 > .col-inner {\n  padding: 20px 20px 20px 20px;\n  border-radius: 15px;\n}\n<\/style>\n\t<\/div>\n\n\t\n\n\t<div id=\"col-936519657\" class=\"col medium-6 small-12 large-4\"  >\n\t\t\t\t<div class=\"col-inner box-shadow-1 box-shadow-2-hover\" style=\"background-color:rgb(253, 253, 253);\" >\n\t\t\t\n\t\t\t\n\n    <div class=\"box has-hover has-hover box-default box-text-bottom\" >\n\n         <a href=\"#\" >         <div class=\"box-image image-overlay-remove-50\" >\n           <div class=\"box-image-inner image-cover\" style=\"padding-top:100%;\">\n              <img loading=\"lazy\" decoding=\"async\" width=\"960\" height=\"540\" src=\"http:\/\/espllenda.com.br\/wp-content\/uploads\/2026\/01\/FACHADA-1-2-1.png\" class=\"attachment- size-\" alt=\"\" srcset=\"http:\/\/espllenda.com.br\/wp-content\/uploads\/2026\/01\/FACHADA-1-2-1.png 960w, http:\/\/espllenda.com.br\/wp-content\/uploads\/2026\/01\/FACHADA-1-2-1-300x169.png 300w, http:\/\/espllenda.com.br\/wp-content\/uploads\/2026\/01\/FACHADA-1-2-1-768x432.png 768w\" sizes=\"auto, (max-width: 960px) 100vw, 960px\" \/>                         <\/div>\n          <\/div>\n         <\/a>\n          <div class=\"box-text text-center\" >\n                <div class=\"box-text-inner\">\n                  <h4 class=\"uppercase\">\n                    <span class=\"person-name\">Casa em condom\u00ednio<\/span><br\/>\n                    <span class=\"person-title is-small thin-font op-7\">\n                      100% CONLCU\u00cdDO                    <\/span>\n                  <\/h4>\n\t\t\t\t\t\n\n\t<div id=\"gap-1553691605\" class=\"gap-element clearfix\" style=\"display:block; height:auto;\">\n\t\t\n<style>\n#gap-1553691605 {\n  padding-top: 0px;\n}\n<\/style>\n\t<\/div>\n\t\n\n<a href=\"\/index.php\/flordecedro\/\" class=\"button primary is-underline is-small lowercase\"  >\n    <span>Saiba mais!<\/span>\n  <\/a>\n\n\n\n                <\/div>\n          <\/div>\n    <\/div>\n\n\t\n    \n\n\t\t<\/div>\n\t\t\t\t\n<style>\n#col-936519657 > .col-inner {\n  padding: 20px 20px 20px 20px;\n  border-radius: 15px;\n}\n<\/style>\n\t<\/div>\n\n\t\n\n<\/div>\n\t<div id=\"gap-36027378\" class=\"gap-element clearfix\" style=\"display:block; height:auto;\">\n\t\t\n<style>\n#gap-36027378 {\n  padding-top: 30px;\n}\n<\/style>\n\t<\/div>\n\t\n\n\n\t\t<\/div>\n\n\t\t\n<style>\n#section_1285261945 {\n  padding-top: 70px;\n  padding-bottom: 70px;\n  background-color: rgb(255,255,255);\n}\n<\/style>\n\t<\/section>\n\t\n\t<section class=\"section\" id=\"section_2058668940\">\n\t\t<div class=\"bg section-bg fill bg-fill  \" >\n\n\t\t\t\n\t\t\t\n\t\t\t\n\n\t\t<\/div>\n\n\t\t\n\n\t\t<div class=\"section-content relative\">\n\t\t\t\n\n\t<div id=\"gap-145363607\" class=\"gap-element clearfix\" style=\"display:block; height:auto;\">\n\t\t\n<style>\n#gap-145363607 {\n  padding-top: 30px;\n}\n<\/style>\n\t<\/div>\n\t\n\n<div class=\"row\"  id=\"row-1620553440\">\n\n\n\t<div id=\"col-1067883743\" class=\"col small-12 large-12\"  >\n\t\t\t\t<div class=\"col-inner\" style=\"background-color:rgba(255, 255, 255, 0.9);\" >\n\t\t\t\n\t\t\t\n\n<div class=\"row align-middle align-center\"  id=\"row-109650798\">\n\n\n\t<div id=\"col-763777244\" class=\"col medium-9 small-12 large-6\"  >\n\t\t\t\t<div class=\"col-inner text-center\"  >\n\t\t\t\n\t\t\t\n\n\t<div id=\"text-368806243\" class=\"text\">\n\t\t\n\n<h2>Entre em contato<\/h2>\n\t\t\n<style>\n#text-368806243 {\n  font-size: 2rem;\n}\n<\/style>\n\t<\/div>\n\t\n<div class=\"is-divider divider clearfix\" style=\"max-width:100px;\"><\/div>\n\n\t<div id=\"text-1965060066\" class=\"text\">\n\t\t\n\n<p>Estamos prontos para te ajudar a encontrar o empreendimento ideal. Fale conosco e tire todas as suas d\u00favidas!<\/p>\n\t\t\n<style>\n#text-1965060066 {\n  text-align: center;\n}\n<\/style>\n\t<\/div>\n\t\n<div class=\"social-icons follow-icons\" ><a href=\"https:\/\/www.facebook.com\/espllenda.eng\" target=\"_blank\" data-label=\"Facebook\" class=\"icon plain facebook tooltip\" title=\"Follow on Facebook\" aria-label=\"Follow on Facebook\" rel=\"noopener nofollow\" ><i class=\"icon-facebook\" ><\/i><\/a><a href=\"https:\/\/www.instagram.com\/espllenda.eng\" target=\"_blank\" data-label=\"Instagram\" class=\"icon plain instagram tooltip\" title=\"Follow on Instagram\" aria-label=\"Follow on Instagram\" rel=\"noopener nofollow\" ><i class=\"icon-instagram\" ><\/i><\/a><a href=\"mailto:contato@espllenda.com.br\" data-label=\"E-mail\" target=\"_blank\" class=\"icon plain email tooltip\" title=\"Envie-nos um email\" aria-label=\"Envie-nos um email\" rel=\"nofollow noopener\" ><i class=\"icon-envelop\" ><\/i><\/a><\/div>\n\n\n\t\t<\/div>\n\t\t\t\t\n<style>\n#col-763777244 > .col-inner {\n  padding: 0px 0px 0px 0px;\n}\n@media (min-width:550px) {\n  #col-763777244 > .col-inner {\n    padding: 40px 0px 0px 0px;\n  }\n}\n@media (min-width:850px) {\n  #col-763777244 > .col-inner {\n    padding: 0px 10% 0px 5%;\n  }\n}\n<\/style>\n\t<\/div>\n\n\t\n\n\t<div id=\"col-644859043\" class=\"col medium-12 small-12 large-6\"  >\n\t\t\t\t<div class=\"col-inner\"  >\n\t\t\t\n\t\t\t\n\n\n\n<div class=\"wpforms-container wpforms-container-full wpforms-render-modern\" id=\"wpforms-114\"><form id=\"wpforms-form-114\" class=\"wpforms-validate wpforms-form wpforms-ajax-form\" data-formid=\"114\" method=\"post\" enctype=\"multipart\/form-data\" action=\"\/index.php\/wp-json\/wp\/v2\/pages\/20485\" data-token=\"02ad2d0ea0bd97f48571639ded041f2a\" data-token-time=\"1776687146\"><noscript class=\"wpforms-error-noscript\">Ative o JavaScript no seu navegador para preencher este formul\u00e1rio.<\/noscript><div class=\"wpforms-hidden\" id=\"wpforms-error-noscript\">Ative o JavaScript no seu navegador para preencher este formul\u00e1rio.<\/div><div class=\"wpforms-field-container\"><div id=\"wpforms-114-field_7-container\" class=\"wpforms-field wpforms-field-layout\" data-field-id=\"7\"><div class=\"wpforms-field-layout-rows wpforms-field-large\"><div class=\"wpforms-layout-row\"><div class=\"wpforms-layout-column wpforms-layout-column-50\"><div id=\"wpforms-114-field_2-container\" class=\"wpforms-field wpforms-field-name\" data-field-id=\"2\"><label class=\"wpforms-field-label wpforms-label-hide\" for=\"wpforms-114-field_2\" aria-hidden=\"false\">Nome <span class=\"wpforms-required-label\" aria-hidden=\"true\">*<\/span><\/label><input type=\"text\" id=\"wpforms-114-field_2\" class=\"wpforms-field-medium wpforms-field-required\" name=\"wpforms[fields][2]\" placeholder=\"Nome\" aria-errormessage=\"wpforms-114-field_2-error\" required><\/div><\/div><div class=\"wpforms-layout-column wpforms-layout-column-50\"><div id=\"wpforms-114-field_1-container\" class=\"wpforms-field wpforms-field-text\" data-field-id=\"1\"><label class=\"wpforms-field-label wpforms-label-hide\" for=\"wpforms-114-field_1\" aria-hidden=\"false\">Telefone <span class=\"wpforms-required-label\" aria-hidden=\"true\">*<\/span><\/label><input type=\"text\" id=\"wpforms-114-field_1\" class=\"wpforms-field-medium wpforms-field-required wpforms-masked-input\" data-rule-inputmask-incomplete=\"1\" data-inputmask-mask=\"(00)00000-0000\" name=\"wpforms[fields][1]\" placeholder=\"Telefone\" aria-errormessage=\"wpforms-114-field_1-error\" required><\/div><\/div><\/div><\/div><\/div><div id=\"wpforms-114-field_5-container\" class=\"wpforms-field wpforms-field-email\" data-field-id=\"5\"><label class=\"wpforms-field-label wpforms-label-hide\" for=\"wpforms-114-field_5\" aria-hidden=\"false\">E-mail <span class=\"wpforms-required-label\" aria-hidden=\"true\">*<\/span><\/label><input type=\"email\" id=\"wpforms-114-field_5\" class=\"wpforms-field-large wpforms-field-required\" name=\"wpforms[fields][5]\" placeholder=\"E-mail\" spellcheck=\"false\" aria-errormessage=\"wpforms-114-field_5-error\" required><\/div><div id=\"wpforms-114-field_3-container\" class=\"wpforms-field wpforms-field-textarea\" data-field-id=\"3\"><label class=\"wpforms-field-label wpforms-label-hide\" for=\"wpforms-114-field_3\" aria-hidden=\"false\">Mensagem <span class=\"wpforms-required-label\" aria-hidden=\"true\">*<\/span><\/label><textarea id=\"wpforms-114-field_3\" class=\"wpforms-field-medium wpforms-field-required\" name=\"wpforms[fields][3]\" placeholder=\"Deixe aqui sua mensagem\" aria-errormessage=\"wpforms-114-field_3-error\" required><\/textarea><\/div><\/div><!-- .wpforms-field-container --><div class=\"wpforms-submit-container\" ><input type=\"hidden\" name=\"wpforms[id]\" value=\"114\"><input type=\"hidden\" name=\"page_title\" value=\"\"><input type=\"hidden\" name=\"page_url\" value=\"http:\/\/espllenda.com.br\/index.php\/wp-json\/wp\/v2\/pages\/20485\"><button type=\"submit\" name=\"wpforms[submit]\" id=\"wpforms-submit-114\" class=\"wpforms-submit\" data-alt-text=\"Enviando\u2026\" data-submit-text=\"Solicitar contato\" aria-live=\"assertive\" value=\"wpforms-submit\">Solicitar contato<\/button><img loading=\"lazy\" decoding=\"async\" src=\"http:\/\/espllenda.com.br\/wp-content\/plugins\/wpforms\/assets\/images\/submit-spin.svg\" class=\"wpforms-submit-spinner\" style=\"display: none;\" width=\"26\" height=\"26\" alt=\"Carregando\"><\/div><\/form><\/div>  <!-- .wpforms-container -->\n\n\n\t\t<\/div>\n\t\t\t\t\n<style>\n#col-644859043 > .col-inner {\n  margin: 20px 0px 0px 0px;\n}\n<\/style>\n\t<\/div>\n\n\t\n\n<\/div>\n\n\t\t<\/div>\n\t\t\t\t\n<style>\n#col-1067883743 > .col-inner {\n  padding: 50px 30px 0px 30px;\n  border-radius: 10px;\n}\n@media (min-width:550px) {\n  #col-1067883743 > .col-inner {\n    padding: 30px 30px 0px 30px;\n  }\n}\n@media (min-width:850px) {\n  #col-1067883743 > .col-inner {\n    padding: 60px 60px 20px 60px;\n  }\n}\n<\/style>\n\t<\/div>\n\n\t\n\n<\/div>\n\n\t\t<\/div>\n\n\t\t\n<style>\n#section_2058668940 {\n  padding-top: 50px;\n  padding-bottom: 50px;\n  min-height: 450px;\n}\n#section_2058668940 .section-bg.bg-loaded {\n  background-image: url(http:\/\/espllenda.com.br\/wp-content\/uploads\/2026\/01\/uberlandia_footer.jpg-.jpg);\n}\n#section_2058668940 .section-bg {\n  background-position: 0% 100%;\n}\n<\/style>\n\t<\/section>\n\t\n\n\n","protected":false},"excerpt":{"rendered":"","protected":false},"author":1,"featured_media":0,"parent":0,"menu_order":0,"comment_status":"closed","ping_status":"closed","template":"","meta":{"footnotes":""},"class_list":["post-20485","page","type-page","status-publish","hentry"],"_links":{"self":[{"href":"http:\/\/espllenda.com.br\/index.php\/wp-json\/wp\/v2\/pages\/20485","targetHints":{"allow":["GET"]}}],"collection":[{"href":"http:\/\/espllenda.com.br\/index.php\/wp-json\/wp\/v2\/pages"}],"about":[{"href":"http:\/\/espllenda.com.br\/index.php\/wp-json\/wp\/v2\/types\/page"}],"author":[{"embeddable":true,"href":"http:\/\/espllenda.com.br\/index.php\/wp-json\/wp\/v2\/users\/1"}],"replies":[{"embeddable":true,"href":"http:\/\/espllenda.com.br\/index.php\/wp-json\/wp\/v2\/comments?post=20485"}],"version-history":[{"count":8,"href":"http:\/\/espllenda.com.br\/index.php\/wp-json\/wp\/v2\/pages\/20485\/revisions"}],"predecessor-version":[{"id":20541,"href":"http:\/\/espllenda.com.br\/index.php\/wp-json\/wp\/v2\/pages\/20485\/revisions\/20541"}],"wp:attachment":[{"href":"http:\/\/espllenda.com.br\/index.php\/wp-json\/wp\/v2\/media?parent=20485"}],"curies":[{"name":"wp","href":"https:\/\/api.w.org\/{rel}","templated":true}]}}